{"id":147,"date":"2016-06-18T02:03:07","date_gmt":"2016-06-17T23:03:07","guid":{"rendered":"http:\/\/demo.safirtema.com\/yakamoz\/?page_id=147"},"modified":"2022-10-20T13:49:56","modified_gmt":"2022-10-20T10:49:56","slug":"sikca-sorulan-sorular","status":"publish","type":"page","link":"https:\/\/ozsemanakliyat.com\/index.php\/sikca-sorulan-sorular\/","title":{"rendered":"S\u0131k\u00e7a Sorulan Sorular"},"content":{"rendered":"\n<div class=\"wp-block-safirtema-sorucevap safir-faq\"><div class=\"question\"><div class=\"safiricon icon\"><svg class=\"safiricon-soru\"><use href=\"#safiricon-soru\"><\/use><\/svg><\/div><span class=\"text\">E\u015fyalar\u0131 Sigortal\u0131 Ta\u015f\u0131yor Musunuz?<\/span><div class=\"openclose plus\"><\/div><\/div><p class=\"answer\">Sizin e\u015fyalar\u0131n\u0131z\u00a0<strong>ta\u015f\u0131nma<\/strong>\u00a0s\u00fcreci boyunca bizim e\u015fyam\u0131z say\u0131l\u0131r . Bu sebeple e\u015fyalar\u0131n\u0131za zarar gelmesini istemeyiz. Bu y\u00fczden t\u00fcm e\u015fyalar\u0131n\u0131z\u0131 sigortal\u0131 bir \u015fekilde ta\u015f\u0131maktay\u0131z.<\/p><\/div>\n\n\n\n<div class=\"wp-block-safirtema-sorucevap safir-faq\"><div class=\"question\"><div class=\"safiricon icon\"><svg class=\"safiricon-soru\"><use href=\"#safiricon-soru\"><\/use><\/svg><\/div><span class=\"text\">Ta\u015f\u0131nma Fiyatlar\u0131 Nas\u0131l Belirleniyor?<\/span><div class=\"openclose plus\"><\/div><\/div><p class=\"answer\">Ta\u015f\u0131ma fiyatlar\u0131 e\u015fyan\u0131n oda say\u0131s\u0131na g\u00f6re de\u011fi\u015fir \u00f6rnek 2+1 ile 3+1 farkl\u0131 fiyat ile ta\u015f\u0131nmaktad\u0131r.<\/p><\/div>\n\n\n\n<div class=\"wp-block-safirtema-sorucevap safir-faq\"><div class=\"question\"><div class=\"safiricon icon\"><svg class=\"safiricon-soru\"><use href=\"#safiricon-soru\"><\/use><\/svg><\/div><span class=\"text\">E\u015fyalar\u0131m\u0131 Kim Paketleyecek?<\/span><div class=\"openclose plus\"><\/div><\/div><p class=\"answer\">E\u015fyalar\u0131n\u0131z profesyonel ve uzman personellerimiz yapmakta. firma olarak en iyi \u015fekilde e\u015fyalar\u0131n\u0131z \u00f6zenle paketlenerek \u00e7izilme ve k\u0131r\u0131lmay\u0131 \u00f6nlerler.<\/p><\/div>\n\n\n\n<div class=\"wp-block-safirtema-sorucevap safir-faq\"><div class=\"question\"><div class=\"safiricon icon\"><svg class=\"safiricon-soru\"><use href=\"#safiricon-soru\"><\/use><\/svg><\/div><span class=\"text\">Ucuz Evden Eve Nakliyat Zararl\u0131 M\u0131d\u0131r?<\/span><div class=\"openclose plus\"><\/div><\/div><p class=\"answer\">Ucuz\u00a0<strong>evden eve nakliyat<\/strong>\u00a0olduk\u00e7a zararl\u0131 \u00e7\u00fcnk\u00fc ucuz nakliyat ile ta\u015f\u0131ma yapan bir \u00e7ok ki\u015fi son dakikada ma\u011fdur olmaktad\u0131r ve daha sonra fiyat art\u0131\u015f\u0131 olmakta o y\u00fczden ucuz nakliyeden ka\u00e7\u0131n\u0131n.<\/p><\/div>\n\n\n\n<div class=\"wp-block-safirtema-sorucevap safir-faq\"><div class=\"question\"><div class=\"safiricon icon\"><svg class=\"safiricon-soru\"><use href=\"#safiricon-soru\"><\/use><\/svg><\/div><span class=\"text\">Firma Ararken Nelere Dikkat Etmeliyim?<\/span><div class=\"openclose plus\"><\/div><\/div><p class=\"answer\">\u00d6ncelikle g\u00fcvenilir bir firma bulman\u0131z gerekir. tabi ara\u015ft\u0131rma yapmadan hi\u00e7 bir firma ile anla\u015fma sa\u011flamay\u0131n aksi takdirde daha sonra pi\u015fman olabilirsiniz.<\/p><\/div>\n\n\n\n<div class=\"wp-block-safirtema-sorucevap safir-faq\"><div class=\"question\"><div class=\"safiricon icon\"><svg class=\"safiricon-soru\"><use href=\"#safiricon-soru\"><\/use><\/svg><\/div><span class=\"text\">Depolama Hizmeti Sunuyor Musunuz?<\/span><div class=\"openclose plus\"><\/div><\/div><p class=\"answer\">De\u011ferli e\u015fyalar\u0131n\u0131z\u0131 saklamak i\u00e7in size \u00f6zel yap\u0131lm\u0131\u015f oda tipinde depolar\u0131m\u0131z mevcut. \u0130sterseniz 1 ay isterseniz uzun bir s\u00fcre i\u00e7in depolar\u0131m\u0131z\u0131 kullanabilirsiniz. E\u015fyalar\u0131n\u0131z sa\u011fl\u0131kl\u0131 bir \u015fekilde g\u00fcvende tutabiliriz.\u00a0<strong>Ar\u0131c\u0131o\u011flu depolama\u00a0<\/strong>ile e\u015fyalar\u0131n\u0131z 7\/24 g\u00fcvenlik ile korunmaktad\u0131r.<\/p><\/div>\n","protected":false},"excerpt":{"rendered":"","protected":false},"author":1,"featured_media":0,"parent":0,"menu_order":0,"comment_status":"closed","ping_status":"closed","template":"","meta":{"footnotes":""},"aioseo_notices":[],"_links":{"self":[{"href":"https:\/\/ozsemanakliyat.com\/index.php\/wp-json\/wp\/v2\/pages\/147"}],"collection":[{"href":"https:\/\/ozsemanakliyat.com\/index.php\/wp-json\/wp\/v2\/pages"}],"about":[{"href":"https:\/\/ozsemanakliyat.com\/index.php\/wp-json\/wp\/v2\/types\/page"}],"author":[{"embeddable":true,"href":"https:\/\/ozsemanakliyat.com\/index.php\/wp-json\/wp\/v2\/users\/1"}],"replies":[{"embeddable":true,"href":"https:\/\/ozsemanakliyat.com\/index.php\/wp-json\/wp\/v2\/comments?post=147"}],"version-history":[{"count":5,"href":"https:\/\/ozsemanakliyat.com\/index.php\/wp-json\/wp\/v2\/pages\/147\/revisions"}],"predecessor-version":[{"id":481,"href":"https:\/\/ozsemanakliyat.com\/index.php\/wp-json\/wp\/v2\/pages\/147\/revisions\/481"}],"wp:attachment":[{"href":"https:\/\/ozsemanakliyat.com\/index.php\/wp-json\/wp\/v2\/media?parent=147"}],"curies":[{"name":"wp","href":"https:\/\/api.w.org\/{rel}","templated":true}]}}