{"id":152,"date":"2016-06-18T11:55:51","date_gmt":"2016-06-18T08:55:51","guid":{"rendered":"http:\/\/demo.safirtema.com\/yakamoz\/?page_id=152"},"modified":"2022-10-20T13:44:38","modified_gmt":"2022-10-20T10:44:38","slug":"tanitim-videosu","status":"publish","type":"page","link":"https:\/\/ozsemanakliyat.com\/index.php\/tanitim-videosu\/","title":{"rendered":"Tan\u0131t\u0131m Videosu"},"content":{"rendered":"\n<figure class=\"wp-block-embed is-type-video is-provider-youtube wp-block-embed-youtube wp-embed-aspect-16-9 wp-has-aspect-ratio\"><div class=\"wp-block-embed__wrapper\">\n<iframe loading=\"lazy\" title=\"\u00d6z Sema Nakliyat Tan\u0131t\u0131m Videosu\" width=\"729\" height=\"410\" src=\"https:\/\/www.youtube.com\/embed\/r5NSfCZ9DmY?feature=oembed\" frameborder=\"0\" allow=\"accelerometer; autoplay; clipboard-write; encrypted-media; gyroscope; picture-in-picture\" allowfullscreen><\/iframe>\n<\/div><\/figure>\n","protected":false},"excerpt":{"rendered":"","protected":false},"author":1,"featured_media":0,"parent":0,"menu_order":0,"comment_status":"closed","ping_status":"closed","template":"","meta":{"footnotes":""},"aioseo_notices":[],"_links":{"self":[{"href":"https:\/\/ozsemanakliyat.com\/index.php\/wp-json\/wp\/v2\/pages\/152"}],"collection":[{"href":"https:\/\/ozsemanakliyat.com\/index.php\/wp-json\/wp\/v2\/pages"}],"about":[{"href":"https:\/\/ozsemanakliyat.com\/index.php\/wp-json\/wp\/v2\/types\/page"}],"author":[{"embeddable":true,"href":"https:\/\/ozsemanakliyat.com\/index.php\/wp-json\/wp\/v2\/users\/1"}],"replies":[{"embeddable":true,"href":"https:\/\/ozsemanakliyat.com\/index.php\/wp-json\/wp\/v2\/comments?post=152"}],"version-history":[{"count":4,"href":"https:\/\/ozsemanakliyat.com\/index.php\/wp-json\/wp\/v2\/pages\/152\/revisions"}],"predecessor-version":[{"id":478,"href":"https:\/\/ozsemanakliyat.com\/index.php\/wp-json\/wp\/v2\/pages\/152\/revisions\/478"}],"wp:attachment":[{"href":"https:\/\/ozsemanakliyat.com\/index.php\/wp-json\/wp\/v2\/media?parent=152"}],"curies":[{"name":"wp","href":"https:\/\/api.w.org\/{rel}","templated":true}]}}