{"id":263,"date":"2016-06-18T20:04:43","date_gmt":"2016-06-18T17:04:43","guid":{"rendered":"http:\/\/demo.safirtema.com\/yakamoz\/?page_id=263"},"modified":"2022-10-18T15:43:36","modified_gmt":"2022-10-18T12:43:36","slug":"hakkimizda","status":"publish","type":"page","link":"https:\/\/ozsemanakliyat.com\/index.php\/hakkimizda\/","title":{"rendered":"\u00d6z Sema Nakliyat Hakk\u0131nda"},"content":{"rendered":"<div class=\"wp-block-image\">\n<figure class=\"aligncenter size-full\"><img loading=\"lazy\" decoding=\"async\" width=\"1024\" height=\"326\" src=\"https:\/\/ozsemanakliyat.com\/wp-content\/uploads\/2022\/10\/hakkinda.jpg\" alt=\"\" class=\"wp-image-470\" srcset=\"https:\/\/ozsemanakliyat.com\/wp-content\/uploads\/2022\/10\/hakkinda.jpg 1024w, https:\/\/ozsemanakliyat.com\/wp-content\/uploads\/2022\/10\/hakkinda-300x96.jpg 300w, https:\/\/ozsemanakliyat.com\/wp-content\/uploads\/2022\/10\/hakkinda-768x245.jpg 768w\" sizes=\"(max-width: 1024px) 100vw, 1024px\" \/><\/figure><\/div>\n\n\n<p>Nakliyat, bir ailenin \u015fehirleraras\u0131 olarak evlerini ba\u015fka bir \u015fehre ta\u015f\u0131ma i\u015fidir. Biz \u00d6z Sema Nakliyat olarak evlerinizi g\u00fcvenli bir \u015fekilde al\u0131p yeni evinize en g\u00fcvenli ve sa\u011flam olarak ta\u015f\u0131ma \u015firketiyiz. Biz <strong>evden eve nakliyat<\/strong> olarak her zaman g\u00fcvenli bir ev ta\u015f\u0131mac\u0131 oldu\u011fumuzu bildirmek isteriz. Bir ailenin ev ta\u015f\u0131mas\u0131 \u00e7ok zor ve tela\u015fl\u0131 oldu\u011fu i\u00e7in biz sizin tela\u015flan\u0131p s\u0131k\u0131nt\u0131 \u00e7ekmemeniz i\u00e7in g\u00f6revlerinizi \u00fcstlenip sizin tela\u015f\u0131n\u0131z\u0131 s\u0131f\u0131ra indirip g\u00fczel bir \u015fekilde evinizi ta\u015f\u0131maktay\u0131z. \u0130ster \u015fehirleraras\u0131 olsun ister oturdu\u011funuz yerde olsun evlerinizi g\u00fcvenli ve h\u0131zl\u0131 bir \u015fekilde ta\u015f\u0131yoruz.<\/p>\n\n\n\n<p>Kars \u00e7ok so\u011fuk memleket oldu\u011fu i\u00e7in ve do\u011fuda oldu\u011fundan y\u00fckseltisi de fazlad\u0131r yollar engebelidir ama biz bu durumda bile evlerinizi en g\u00fcvenli ve h\u0131zl\u0131 bir \u015fekilde ta\u015f\u0131ma yapt\u0131\u011f\u0131m\u0131z\u0131 s\u00f6yl\u00fcyoruz. Kars evden eve nakliyat olarak g\u00fcvenli ve huzurlu bir \u015fekilde evlerinizi ta\u015f\u0131d\u0131\u011f\u0131m\u0131z\u0131 s\u00f6yleriz. \u0130ster Karsl\u0131 olun ister ba\u015fka \u015fehirli <strong>Kars evden eve nakliyat<\/strong> olarak da \u00e7al\u0131\u015fmaktay\u0131z. Biz <strong>\u015fehirleraras\u0131 nakliyat<\/strong> olarak da \u00e7al\u0131\u015fmaktay\u0131z.<\/p>\n\n\n\n<p><strong>\u00d6z Sema Nakliyat \u0130\u015fleri<\/strong><\/p>\n\n\n\n<div class=\"\" data-col=\"2\"><ul><li>G\u00fcvenli bir \u015fekilde evlerinizi al\u0131p ba\u015fka evlerinizde g\u00fcvenli bir \u015fekilde ta\u015f\u0131r.<\/li><li>Bir ailenin ev ta\u015f\u0131mas\u0131 insan\u0131n huzurunu ka\u00e7\u0131r\u0131r ama \u00d6z Sema Nakliyat insan\u0131 huzursuz etmez mutlu eder.<\/li><li>Ev ta\u015f\u0131yan insanlar e\u015fyalar\u0131n y\u0131pranmas\u0131ndan korkar ama \u00d6z Sema Nakliyat \u00f6zenle e\u015fyalar\u0131 ta\u015f\u0131r ve g\u00fcvenli bir \u015fekilde teslim eder.<\/li><li>Ev ta\u015f\u0131rken kaybolan e\u015fya olabilir ama bu bizde m\u00fcmk\u00fcn de\u011fildir her e\u015fyan\u0131za g\u00f6z\u00fcm\u00fcz gibi bakar\u0131z.<\/li><li>Bize evlerini ta\u015f\u0131tanlar her zaman mutlu olacaklard\u0131r.<\/li><\/ul><\/div>\n\n\n\n<p><\/p>\n\n\n\n<a class=\"wp-block-safirtema-safirbutton safirButton alt\" href=\"\/yakamoz\/iletisim\" rel=\"\"><div class=\"icon safiricon\"><svg class=\"safiricon-mouse\"><use href=\"#safiricon-mouse\"><\/use><\/svg><\/div>Bize Ula\u015f\u0131n<\/a>\n","protected":false},"excerpt":{"rendered":"<p>Nakliyat, bir ailenin \u015fehirleraras\u0131 olarak evlerini ba\u015fka bir \u015fehre ta\u015f\u0131ma i\u015fidir. Biz \u00d6z Sema Nakliyat olarak evlerinizi g\u00fcvenli bir \u015fekilde al\u0131p yeni evinize en g\u00fcvenli ve sa\u011flam olarak ta\u015f\u0131ma \u015firketiyiz. Biz evden eve nakliyat olarak her zaman g\u00fcvenli bir ev ta\u015f\u0131mac\u0131 oldu\u011fumuzu bildirmek isteriz. Bir ailenin ev ta\u015f\u0131mas\u0131 \u00e7ok zor ve tela\u015fl\u0131 oldu\u011fu i\u00e7in biz [&hellip;]<\/p>\n","protected":false},"author":1,"featured_media":0,"parent":0,"menu_order":0,"comment_status":"closed","ping_status":"closed","template":"","meta":{"footnotes":""},"aioseo_notices":[],"_links":{"self":[{"href":"https:\/\/ozsemanakliyat.com\/index.php\/wp-json\/wp\/v2\/pages\/263"}],"collection":[{"href":"https:\/\/ozsemanakliyat.com\/index.php\/wp-json\/wp\/v2\/pages"}],"about":[{"href":"https:\/\/ozsemanakliyat.com\/index.php\/wp-json\/wp\/v2\/types\/page"}],"author":[{"embeddable":true,"href":"https:\/\/ozsemanakliyat.com\/index.php\/wp-json\/wp\/v2\/users\/1"}],"replies":[{"embeddable":true,"href":"https:\/\/ozsemanakliyat.com\/index.php\/wp-json\/wp\/v2\/comments?post=263"}],"version-history":[{"count":3,"href":"https:\/\/ozsemanakliyat.com\/index.php\/wp-json\/wp\/v2\/pages\/263\/revisions"}],"predecessor-version":[{"id":472,"href":"https:\/\/ozsemanakliyat.com\/index.php\/wp-json\/wp\/v2\/pages\/263\/revisions\/472"}],"wp:attachment":[{"href":"https:\/\/ozsemanakliyat.com\/index.php\/wp-json\/wp\/v2\/media?parent=263"}],"curies":[{"name":"wp","href":"https:\/\/api.w.org\/{rel}","templated":true}]}}